{"id":1510,"date":"2023-05-10T22:25:48","date_gmt":"2023-05-10T22:25:48","guid":{"rendered":"https:\/\/brosemiami.com\/?post_type=product&#038;p=1510"},"modified":"2023-07-01T22:14:38","modified_gmt":"2023-07-01T22:14:38","slug":"cami","status":"publish","type":"product","link":"https:\/\/brosemiami.com\/en\/product\/cami\/","title":{"rendered":"Cami"},"content":{"rendered":"<p>Los tulipanes simbolizan amor puro y disculpas sinceras. Es una de las flores m\u00e1s solicitadas por su hermosa rareza. En este delicado dise\u00f1o encontrar\u00e1s m\u00e1s de 120 tulipanes perfectos para enamorar y sorprender.<\/p>","protected":false},"excerpt":{"rendered":"<p>Los tulipanes simbolizan amor puro y disculpas sinceras. Es una de las flores m\u00e1s solicitadas por su hermosa rareza. En este delicado dise\u00f1o encontrar\u00e1s m\u00e1s de 120 tulipanes perfectos para enamorar y sorprender.<\/p>","protected":false},"featured_media":1966,"comment_status":"open","ping_status":"closed","template":"","meta":{"om_disable_all_campaigns":false,"_monsterinsights_skip_tracking":false,"_monsterinsights_sitenote_active":false,"_monsterinsights_sitenote_note":"","_monsterinsights_sitenote_category":0,"site-sidebar-layout":"default","site-content-layout":"default","ast-site-content-layout":"","site-content-style":"default","site-sidebar-style":"default","ast-global-header-display":"","ast-banner-title-visibility":"","ast-main-header-display":"","ast-hfb-above-header-display":"","ast-hfb-below-header-display":"","ast-hfb-mobile-header-display":"","site-post-title":"","ast-breadcrumbs-content":"","ast-featured-img":"","footer-sml-layout":"","theme-transparent-header-meta":"default","adv-header-id-meta":"","stick-header-meta":"","header-above-stick-meta":"","header-main-stick-meta":"","header-below-stick-meta":"","astra-migrate-meta-layouts":"default","ast-page-background-enabled":"default","ast-page-background-meta":{"desktop":{"background-color":"var(--ast-global-color-4)","background-image":"","background-repeat":"repeat","background-position":"center center","background-size":"auto","background-attachment":"scroll","background-type":"","background-media":"","overlay-type":"","overlay-color":"","overlay-opacity":"","overlay-gradient":""},"tablet":{"background-color":"","background-image":"","background-repeat":"repeat","background-position":"center center","background-size":"auto","background-attachment":"scroll","background-type":"","background-media":"","overlay-type":"","overlay-color":"","overlay-opacity":"","overlay-gradient":""},"mobile":{"background-color":"","background-image":"","background-repeat":"repeat","background-position":"center center","background-size":"auto","background-attachment":"scroll","background-type":"","background-media":"","overlay-type":"","overlay-color":"","overlay-opacity":"","overlay-gradient":""}},"ast-content-background-meta":{"desktop":{"background-color":"var(--ast-global-color-5)","background-image":"","background-repeat":"repeat","background-position":"center center","background-size":"auto","background-attachment":"scroll","background-type":"","background-media":"","overlay-type":"","overlay-color":"","overlay-opacity":"","overlay-gradient":""},"tablet":{"background-color":"var(--ast-global-color-5)","background-image":"","background-repeat":"repeat","background-position":"center center","background-size":"auto","background-attachment":"scroll","background-type":"","background-media":"","overlay-type":"","overlay-color":"","overlay-opacity":"","overlay-gradient":""},"mobile":{"background-color":"var(--ast-global-color-5)","background-image":"","background-repeat":"repeat","background-position":"center center","background-size":"auto","background-attachment":"scroll","background-type":"","background-media":"","overlay-type":"","overlay-color":"","overlay-opacity":"","overlay-gradient":""}}},"product_brand":[],"product_cat":[85],"product_tag":[71,54,62,63,60,72,82,64,79,45,49,70,39,46,55,41,81,43,48,66,80,74,51,76,69,40,78,73,58],"class_list":{"0":"post-1510","1":"product","2":"type-product","3":"status-publish","4":"has-post-thumbnail","6":"product_cat-floral-designs","7":"product_tag-arreglos","8":"product_tag-baby","9":"product_tag-bachelor","10":"product_tag-bachelorette","11":"product_tag-boda","12":"product_tag-bouquets","13":"product_tag-boyfriend","14":"product_tag-bride","15":"product_tag-couple","16":"product_tag-family","17":"product_tag-father","18":"product_tag-flores","19":"product_tag-flowers","20":"product_tag-friends","21":"product_tag-gender-reveal","22":"product_tag-gift","23":"product_tag-girlfriend","24":"product_tag-love","25":"product_tag-mother","26":"product_tag-novia","27":"product_tag-novio","28":"product_tag-osito","29":"product_tag-quinceanera","30":"product_tag-regalo","31":"product_tag-rosas","32":"product_tag-roses","33":"product_tag-sweet-sixteen","34":"product_tag-teddy-bear","35":"product_tag-weeding","36":"desktop-align-left","37":"tablet-align-left","38":"mobile-align-left","39":"wcpa_has_options","41":"first","42":"instock","43":"taxable","44":"shipping-taxable","45":"purchasable","46":"product-type-simple"},"aioseo_notices":[],"jetpack_sharing_enabled":true,"wcpa_form_fields":{"wcpaData":{"product":{"product_price":289,"price_html":"<span class=\"woocommerce-Price-amount amount\"><bdi><span class=\"woocommerce-Price-currencySymbol\">&#36;<\/span>289.00<\/bdi><\/span>","original_product_price":289,"price_including_tax":289,"price_excluding_tax":289,"product_id":{"parent":1510,"variation":false},"is_variable":false,"stock_status":"instock","stock_quantity":null,"parent_sku":"","product_attributes":[],"custom_fields":[],"is_taxable":true},"fields":{"sec_164a0a48986707":{"extra":{"key":"sec_164a0a48986707","section_id":"sec_164a0a48986707","name":"Default","status":1,"cl_rule":"show","enableCl":false,"relations":[],"toggle":true,"title_tag":"h3","show_title":false,"showPrice":"default","form_id":1990,"form_rules":{"exclude_from_discount":false,"fee_label":"Fee","disp_hide_options_price":false,"disp_show_section_price":false,"disp_show_field_price":true,"layout_option":"standard","pric_use_as_fee":false,"process_fee_as":"woo_fee"},"layout_option":"standard"},"fields":[[{"active":true,"col":6,"relations":false,"cl_rule":"show","enableCl":false,"price":"","enablePrice":true,"className":"","label_position":"default","desc_position":"default","type":"select","required":true,"elementId":"select_564a0a48986743","label":"Delivery","name":"select_564a0a48986743","values":[{"label":"Local pickup (Hialeah)","value":"1","selected":true,"tempId":"aco_269","price":"0","gt_translate_keys":["label"]},{"label":"Doral, FL","value":"2","selected":false,"tempId":"aco_270","price":"35","gt_translate_keys":["label"]},{"label":"Miami, FL","value":"3","selected":false,"tempId":"aco_271","price":"50","gt_translate_keys":["label"]},{"label":"Downtown Miami Area \/ Brickell \/ Beaches \/ Wynwood \/ Sunny Isles","value":"4","selected":false,"tempId":"aco_344","price":"60","gt_translate_keys":["label"]},{"label":"Homestead, FL","value":"5","selected":false,"tempId":"aco_372","price":"60","gt_translate_keys":["label"]},{"label":"Broward County, FL","value":"6","selected":false,"tempId":"aco_409","price":"60","gt_translate_keys":["label"]},{"label":"Palm Beach County \/ Key West \/ Isla Morada","value":"7","selected":false,"tempId":"aco_446","price":"180","gt_translate_keys":["label"]},{"label":"Env\u00edo Nacional","value":"8","selected":false,"tempId":"aco_19","price":"40","gt_translate_keys":["label"]}],"dropdown_type":"basic","error":false,"priceOptions":"different_for_all","pricingType":"fixed","gt_translate_keys":["label"],"price_dependency":false,"cl_dependency":["content_364a0a4898674f"],"value":""}],[{"active":true,"col":6,"relations":[{"operator":false,"rules":[{"operator":false,"rules":{"cl_field":"select_564a0a48986743","cl_relation":"is","cl_val":"1"}}]}],"cl_rule":"show","enableCl":true,"price":"","enablePrice":false,"className":"","label_position":"default","desc_position":"default","type":"content","required":false,"elementId":"content_364a0a4898674f","label":"","name":"content_364a0a4898674f","contentType":"plain","value":" Te informaremos una vez que est\u00e9 listo.","subtype":"div","error":false,"hideFieldIn_order":true,"gt_translate_keys":["label","value"],"price_dependency":false,"cl_dependency":false}],[{"active":true,"col":6,"relations":false,"cl_rule":"show","enableCl":false,"price":"","enablePrice":false,"className":"","label_position":"default","desc_position":"default","type":"separator","required":false,"elementId":"separator_664a0a48986757","label":"Separator Field","height":"5","separatorType":"blank","error":false,"gt_translate_keys":["label"],"price_dependency":false,"cl_dependency":false,"value":""}],[{"active":true,"col":6,"relations":[{"operator":false,"rules":[{"operator":"AND","rules":{"cl_field":"","cl_relation":"","cl_val":""}}]}],"cl_rule":"show","enableCl":false,"price":"","enablePrice":true,"className":"","label_position":"left","desc_position":"left","type":"color-group","required":true,"elementId":"color-group_764a0a48986760","label":"Colores","name":"color-group_764a0a48986760","disp_type":"circle","values":[{"label":"Blanco","value":"1","selected":false,"color":"#ffffff","tempId":"aco_1686","gt_translate_keys":["label"]},{"label":"Rosa","value":"2","selected":false,"color":"#ffffff","tempId":"aco_1688","gt_translate_keys":["label"]},{"label":"Lila","value":"3","selected":false,"color":"#ffffff","tempId":"aco_1699","gt_translate_keys":["label"]},{"label":"Amarillo","value":"4","selected":false,"color":"#ffffff","tempId":"aco_1721","gt_translate_keys":["label"]}],"layOut":"col-3","error":false,"multiple":true,"disp_size":{"width":"0","height":"0"},"priceOptions":"different_for_all","pricingType":"fixed","selection_type":"tick","max_options":"2","min_options":"1","gt_translate_keys":["label"],"price_dependency":false,"cl_dependency":false,"value":""}],[{"active":true,"col":6,"relations":false,"cl_rule":"show","enableCl":false,"price":"","enablePrice":false,"className":"","label_position":"default","desc_position":"default","type":"header","required":false,"elementId":"header_764a0a48986767","label":"Otros Datos","subtype":"h4","error":false,"gt_translate_keys":["label"],"price_dependency":false,"cl_dependency":false,"value":""}],[{"active":true,"col":3,"relations":false,"cl_rule":"show","enableCl":false,"price":"","enablePrice":false,"className":"","label_position":"default","desc_position":"default","type":"text","subtype":"text","required":true,"elementId":"text_1064a0a4898676d","label":"Nombre y Apellido","name":"text_1064a0a4898676d","value":"","error":false,"gt_translate_keys":["label","value"],"price_dependency":false,"cl_dependency":false},{"label":"Tel\u00e9fono","active":true,"required":true,"elementId":"text_464a0a48986773","value":"","name":"text_464a0a48986773","label_position":"default","desc_position":"default","enablePrice":false,"className":"","enableCl":false,"relations":false,"subtype":"tel","price":"","cl_rule":"show","col":3,"type":"text","error":false,"gt_translate_keys":["label","value"],"price_dependency":false,"cl_dependency":false}],[{"active":true,"col":6,"relations":false,"cl_rule":"show","enableCl":false,"price":"","enablePrice":false,"className":"","label_position":"default","desc_position":"default","type":"email","required":false,"elementId":"email_664a0a48986778","label":"Correo Electr\u00f3nico","name":"email_664a0a48986778","value":"","allow_multiple":false,"error":false,"gt_translate_keys":["label","value"],"price_dependency":false,"cl_dependency":false}],[{"active":true,"col":6,"relations":[{"operator":false,"rules":[{"operator":"AND","rules":{"cl_field":"","cl_relation":"","cl_val":""}}]}],"cl_rule":"show","enableCl":false,"price":"","enablePrice":true,"className":"","label_position":"default","desc_position":"default","type":"select","required":false,"elementId":"select_664a0a4898677e","label":"Extras","name":"select_664a0a4898677e","values":[{"label":"Show entrega con oso Ross","value":"1","selected":false,"tempId":"aco_3874","price":"120","gt_translate_keys":["label"]},{"label":"Show entrega con osa Rossy","value":"2","selected":false,"tempId":"aco_3875","price":"120","gt_translate_keys":["label"]},{"label":"Show entrega con ambos osos","value":"3","selected":false,"tempId":"aco_3876","price":"220","gt_translate_keys":["label"]},{"label":"Caja de Ferrero Rocher grande","value":"4","selected":false,"tempId":"aco_3877","price":"38","gt_translate_keys":["label"]},{"label":"Bouquet de globos peque\u00f1o","value":"5","selected":false,"tempId":"aco_3878","price":"120","gt_translate_keys":["label"]},{"label":"Bouquet de globos grande personalizado","value":"6","selected":false,"tempId":"aco_3879","price":"289","gt_translate_keys":["label"]},{"label":"Oso de peluche peque\u00f1o","value":"7","selected":false,"tempId":"aco_3880","price":"60","gt_translate_keys":["label"]},{"label":"Oso de peluche grande","value":"8","selected":false,"tempId":"aco_3881","price":"199","gt_translate_keys":["label"]}],"dropdown_type":"basic","error":false,"tooltip":"","priceOptions":"different_for_all","pricingType":"fixed","placeholder":"Selecciona (Opcional)","description":"","multiple":true,"gt_translate_keys":["label","placeholder","description","tooltip"],"price_dependency":false,"cl_dependency":["content_064a0a48986785","content_064a0a48986785","content_064a0a48986785"],"value":""}],[{"contentType":"plain","active":true,"label":"","elementId":"content_064a0a48986785","value":"Importante: Los osos har\u00e1n la entrega del obsequio, estar\u00e1n disponibles para tomarse fotos, videos e interactuar con la persona por un lapso de 15 minutos m\u00e1x. ","name":"content_064a0a48986785","enablePrice":false,"className":"","subtype":"div","enableCl":true,"relations":[{"operator":false,"rules":[{"operator":"or","rules":{"cl_field":"select_664a0a4898677e","cl_relation":"is","cl_val":"1"}},{"operator":"or","rules":{"cl_field":"select_664a0a4898677e","cl_relation":"is","cl_val":"2"}},{"operator":"AND","rules":{"cl_field":"select_664a0a4898677e","cl_relation":"is","cl_val":"3"}}]}],"price":"","cl_rule":"show","col":6,"type":"content","gt_translate_keys":["label","value"],"price_dependency":false,"cl_dependency":false}],[{"elementId":"separator_964a0a4898679a","separatorType":"blank","className":"","height":"5","enableCl":false,"relations":false,"cl_rule":"show","col":6,"type":"separator","gt_translate_keys":[],"price_dependency":false,"cl_dependency":false,"value":""}],[{"active":true,"col":6,"relations":false,"cl_rule":"show","enableCl":false,"price":"","enablePrice":false,"className":"","label_position":"default","desc_position":"default","type":"date","required":true,"elementId":"date_1064a0a489867a0","name":"date_1064a0a489867a0","label":"Fecha de Entrega:","picker_type":"custom","picker_mode":"single","error":false,"min_date":{"type":"days","val":"1"},"max_date":{"type":"days","val":"30"},"gt_translate_keys":["label"],"price_dependency":false,"cl_dependency":false,"value":""}],[{"active":true,"col":6,"relations":false,"cl_rule":"show","enableCl":false,"price":"","enablePrice":false,"className":"","label_position":"default","desc_position":"default","type":"select","required":true,"elementId":"select_064a0a489867a6","label":"Franja Horaria","name":"select_064a0a489867a6","values":[{"label":"De 9:00 a.m. a 11:00 a.m. ","value":"1","selected":false,"tempId":"aco_1213","gt_translate_keys":["label"]},{"label":"De 12:00 p.m. a 2:30 p.m. ","value":"2","selected":false,"tempId":"aco_1214","gt_translate_keys":["label"]},{"label":"De 3:00 p.m. a 5:30 p.m. ","value":"3","selected":false,"tempId":"aco_1215","gt_translate_keys":["label"]},{"label":"De 6:00 p.m. a 8:00 p.m. ","value":"4","selected":false,"tempId":"aco_1279","gt_translate_keys":["label"]},{"label":"De 9:00 p.m. a 10:00 p.m. ","value":"5","selected":false,"tempId":"aco_1307","gt_translate_keys":["label"]}],"dropdown_type":"basic","error":false,"gt_translate_keys":["label"],"price_dependency":false,"cl_dependency":false,"value":""}],[{"active":true,"col":6,"relations":false,"cl_rule":"show","enableCl":false,"price":"","enablePrice":false,"className":"","label_position":"default","desc_position":"default","type":"textarea","required":false,"elementId":"textarea_764a0a489867ad","label":"Dedicatoria","name":"textarea_764a0a489867ad","value":"","rows":2,"error":false,"gt_translate_keys":["label","value"],"price_dependency":false,"cl_dependency":false}],[{"active":true,"col":6,"relations":false,"cl_rule":"show","enableCl":false,"price":"","enablePrice":false,"className":"","label_position":"default","desc_position":"default","type":"text","subtype":"text","required":true,"elementId":"text_264a0a489867b7","label":"Nombre y Tel\u00e9fono del Destinatario","name":"text_264a0a489867b7","value":"","error":false,"gt_translate_keys":["label","value"],"price_dependency":false,"cl_dependency":false}],[{"label":"Direcci\u00f3n del Destinatario (Si Aplica)","active":true,"required":false,"elementId":"text-7502098770","value":"","name":"text-7502098770","label_position":"default","desc_position":"default","enablePrice":false,"className":"","enableCl":false,"relations":false,"subtype":"text","price":"","cl_rule":"show","col":6,"type":"text","error":false,"gt_translate_keys":["label","value"],"price_dependency":false,"cl_dependency":false}],[{"active":true,"col":6,"relations":false,"cl_rule":"show","enableCl":false,"price":"","enablePrice":false,"className":"","label_position":"default","desc_position":"default","type":"textarea","required":false,"elementId":"textarea_964a0a489867bd","label":"Notas Adicionales","name":"textarea_964a0a489867bd","value":"","rows":2,"error":false,"description":"","tooltip":"Ind\u00edcanos informaci\u00f3n adicional sobre tu entre","gt_translate_keys":["label","description","value","tooltip"],"price_dependency":false,"cl_dependency":false}],[{"active":true,"col":6,"relations":false,"cl_rule":"show","enableCl":false,"price":"","enablePrice":true,"className":"","label_position":"default","desc_position":"default","type":"radio-group","required":false,"elementId":"radio-group_564a0a489867c5","label":"A\u00f1adir Propina (Opcional)","name":"radio-group_564a0a489867c5","values":[{"label":"Sin propina","value":"0","selected":true,"tempId":"aco_4232","gt_translate_keys":["label"]},{"label":"A\u00f1adir propina 5%","value":"1","selected":false,"tempId":"aco_3535","price":"5","gt_translate_keys":["label"]},{"label":"A\u00f1adir propina 10%","value":"2","selected":false,"tempId":"aco_3536","price":"10","gt_translate_keys":["label"]},{"label":"A\u00f1adir propina 20%","value":"3","selected":false,"tempId":"aco_3537","price":"20","gt_translate_keys":["label"]},{"label":"A\u00f1adir propina 30%","value":"4","selected":false,"tempId":"aco_3574","price":"30","gt_translate_keys":["label"]}],"layOut":"","error":false,"checkUi":"","priceOptions":"different_for_all","pricingType":"percentage","enableDesign":false,"other":false,"hideFieldIn_order":false,"gt_translate_keys":["label"],"price_dependency":false,"cl_dependency":false,"value":""}],[{"active":true,"col":6,"relations":false,"cl_rule":"show","enableCl":false,"price":"","enablePrice":false,"className":"","label_position":"default","desc_position":"default","type":"checkbox","required":true,"elementId":"checkbox_164a0a489867d1","label":"Acepto T\u00e9rminos y Condiciones","name":"checkbox_164a0a489867d1","value":true,"check_value":"Yes","checkUi":"","error":false,"description":"","mapToCheckout":false,"hideFieldIn_order":true,"repeater":false,"repeater_field_label":"{field_label}","repeater_bind":"","enableDesign":false,"hideFieldIn_cart":true,"gt_translate_keys":["label","description","value","repeater_field_label","check_value"],"price_dependency":false,"cl_dependency":false}]]}},"config":{"price_override":"","enable_recaptcha":false,"bind_quantity":false,"quantity_bind_formula":"","disp_summ_show_option_price":true,"disp_summ_show_product_price":true,"disp_summ_show_total_price":true,"disp_summ_show_fee":false,"disp_summ_show_discount":false,"summary_title":"","options_total_label":"Options Price","total_label":"Total","options_product_label":"Product Price","fee_label":"Fee","discount_label":"Discount","has_price":true},"mc_unit":1,"tax_rate":1,"tax_rate_real":0,"discount":{"percentage":0,"fixed":0},"design":{"conf":{"LabelPosition":"above","DescPosition":"above","UploadField":"custom_1","QuantityFieldStyle":"default"},"css":{"LeftLabelWidth":"120px"}},"formulas":[],"clones":false,"cartKey":false}},"_links":{"self":[{"href":"https:\/\/brosemiami.com\/en\/wp-json\/wp\/v2\/product\/1510","targetHints":{"allow":["GET"]}}],"collection":[{"href":"https:\/\/brosemiami.com\/en\/wp-json\/wp\/v2\/product"}],"about":[{"href":"https:\/\/brosemiami.com\/en\/wp-json\/wp\/v2\/types\/product"}],"replies":[{"embeddable":true,"href":"https:\/\/brosemiami.com\/en\/wp-json\/wp\/v2\/comments?post=1510"}],"version-history":[{"count":1,"href":"https:\/\/brosemiami.com\/en\/wp-json\/wp\/v2\/product\/1510\/revisions"}],"predecessor-version":[{"id":1516,"href":"https:\/\/brosemiami.com\/en\/wp-json\/wp\/v2\/product\/1510\/revisions\/1516"}],"wp:featuredmedia":[{"embeddable":true,"href":"https:\/\/brosemiami.com\/en\/wp-json\/wp\/v2\/media\/1966"}],"wp:attachment":[{"href":"https:\/\/brosemiami.com\/en\/wp-json\/wp\/v2\/media?parent=1510"}],"wp:term":[{"taxonomy":"product_brand","embeddable":true,"href":"https:\/\/brosemiami.com\/en\/wp-json\/wp\/v2\/product_brand?post=1510"},{"taxonomy":"product_cat","embeddable":true,"href":"https:\/\/brosemiami.com\/en\/wp-json\/wp\/v2\/product_cat?post=1510"},{"taxonomy":"product_tag","embeddable":true,"href":"https:\/\/brosemiami.com\/en\/wp-json\/wp\/v2\/product_tag?post=1510"}],"curies":[{"name":"wp","href":"https:\/\/api.w.org\/{rel}","templated":true}]}}