{"id":1679,"date":"2023-05-11T03:49:02","date_gmt":"2023-05-11T03:49:02","guid":{"rendered":"https:\/\/brosemiami.com\/?page_id=1679"},"modified":"2023-07-17T19:04:34","modified_gmt":"2023-07-17T19:04:34","slug":"politicas","status":"publish","type":"page","link":"https:\/\/brosemiami.com\/en\/politicas\/","title":{"rendered":"Terms and Conditions"},"content":{"rendered":"<p>Al momento de realizar una compra con nuestra empresa:\u00a0<a href=\"http:\/\/brosemiami.com\/en\/\" target=\"_blank\" rel=\"noreferrer noopener\">brosemiami.com<\/a>. Sea a trav\u00e9s de nuestro sitio web, v\u00eda telef\u00f3nica, correo electr\u00f3nico, redes sociales o por cualquier medio. Tanto el cliente como la empresa, aceptamos someternos a los t\u00e9rminos y condiciones establecidos a continuaci\u00f3n.<\/p>\n\n\n\n<p>1. Toda la informaci\u00f3n que nos es proporcionada con su pedido, se maneja bajo una estricta confidencialidad, por lo que BRose Miami se compromete a no proporcionar ninguna informaci\u00f3n que no autorice el cliente; la informaci\u00f3n de pago con tarjeta de cr\u00e9dito se maneja con estricta cautela y confidencialidad. En BRose Miami usted puede tener la certeza de que la informaci\u00f3n de su pedido est\u00e1 segura.<\/p>\n\n\n\n<p>2. Nuestro cat\u00e1logo est\u00e1 disponible todo el a\u00f1o y procuramos cumplir al 100% con lo ofrecido. Estamos totalmente comprometidos a ofrecerle el mejor servicio y calidad en nuestros arreglos, todos los d\u00edas del a\u00f1o.\u00a0<\/p>\n\n\n\n<p>3. Los arreglos presentados en las im\u00e1genes pueden variar ligeramente en cuanto a la forma, bases y accesorios, debido a la temporada y disponibilidad. BRose Miami, se compromete en lo posible a igualar o mejorar el arreglo, siempre en beneficio del cliente.<\/p>\n\n\n\n<p>4. Las flores frescas son flores reci\u00e9n cortadas y son perecederas. Para flores duraderas recomendamos nuestros productos PRESERVADOS. Las flores frescas tienen vida propia. No podemos asegurar cu\u00e1nto van a durar.\u00a0<\/p>\n\n\n\n<p>5. Todos los pedidos son el costo del producto + el env\u00edo. Al momento de realizar su pedido por medio de la p\u00e1gina web, podr\u00e1 elegir la zona de entrega y calcular el precio final.\u00a0<\/p>\n\n\n\n<p>6. Por caracter\u00edsticas del producto no existen cancelaciones ni devoluciones.<\/p>\n\n\n\n<p>7. Para determinar la fecha y bloque de horario de entrega, se tendr\u00e1 que realizar el pago un d\u00eda anterior al d\u00eda deseado de la entrega. Fuera de nuestro horario establecido, es necesario comunicarse directamente v\u00eda WhatsApp con anticipaci\u00f3n para verificar disponibilidad y agendar el pedido.<\/p>\n\n\n\n<p>8. Es indispensable que el cliente proporcione TODOS los datos necesarios de la persona que recibe el dise\u00f1o floral, esto con la finalidad de realizar la entrega de manera satisfactoria.\u00a0<\/p>\n\n\n\n<p>Es responsabilidad del cliente asegurarse que los datos proporcionados sean correctos y que en el margen de horario que solicito la entrega, se encuentre alguien en el domicilio para recibir el dise\u00f1o.<\/p>","protected":false},"excerpt":{"rendered":"<p>Al momento de realizar una compra con nuestra empresa:\u00a0brosemiami.com. Sea a trav\u00e9s de nuestro sitio web, v\u00eda telef\u00f3nica, correo electr\u00f3nico, redes sociales o por cualquier medio. Tanto el cliente como la empresa, aceptamos someternos a los t\u00e9rminos y condiciones establecidos a continuaci\u00f3n. 1. Toda la informaci\u00f3n que nos es proporcionada con su pedido, se maneja [&hellip;]<\/p>","protected":false},"author":1,"featured_media":0,"parent":0,"menu_order":0,"comment_status":"closed","ping_status":"closed","template":"","meta":{"om_disable_all_campaigns":false,"_monsterinsights_skip_tracking":false,"_monsterinsights_sitenote_active":false,"_monsterinsights_sitenote_note":"","_monsterinsights_sitenote_category":0,"site-sidebar-layout":"default","site-content-layout":"","ast-site-content-layout":"","site-content-style":"default","site-sidebar-style":"default","ast-global-header-display":"","ast-banner-title-visibility":"","ast-main-header-display":"","ast-hfb-above-header-display":"","ast-hfb-below-header-display":"","ast-hfb-mobile-header-display":"","site-post-title":"","ast-breadcrumbs-content":"","ast-featured-img":"","footer-sml-layout":"","theme-transparent-header-meta":"","adv-header-id-meta":"","stick-header-meta":"","header-above-stick-meta":"","header-main-stick-meta":"","header-below-stick-meta":"","astra-migrate-meta-layouts":"default","ast-page-background-enabled":"default","ast-page-background-meta":{"desktop":{"background-color":"var(--ast-global-color-4)","background-image":"","background-repeat":"repeat","background-position":"center center","background-size":"auto","background-attachment":"scroll","background-type":"","background-media":"","overlay-type":"","overlay-color":"","overlay-opacity":"","overlay-gradient":""},"tablet":{"background-color":"","background-image":"","background-repeat":"repeat","background-position":"center center","background-size":"auto","background-attachment":"scroll","background-type":"","background-media":"","overlay-type":"","overlay-color":"","overlay-opacity":"","overlay-gradient":""},"mobile":{"background-color":"","background-image":"","background-repeat":"repeat","background-position":"center center","background-size":"auto","background-attachment":"scroll","background-type":"","background-media":"","overlay-type":"","overlay-color":"","overlay-opacity":"","overlay-gradient":""}},"ast-content-background-meta":{"desktop":{"background-color":"var(--ast-global-color-5)","background-image":"","background-repeat":"repeat","background-position":"center center","background-size":"auto","background-attachment":"scroll","background-type":"","background-media":"","overlay-type":"","overlay-color":"","overlay-opacity":"","overlay-gradient":""},"tablet":{"background-color":"var(--ast-global-color-5)","background-image":"","background-repeat":"repeat","background-position":"center center","background-size":"auto","background-attachment":"scroll","background-type":"","background-media":"","overlay-type":"","overlay-color":"","overlay-opacity":"","overlay-gradient":""},"mobile":{"background-color":"var(--ast-global-color-5)","background-image":"","background-repeat":"repeat","background-position":"center center","background-size":"auto","background-attachment":"scroll","background-type":"","background-media":"","overlay-type":"","overlay-color":"","overlay-opacity":"","overlay-gradient":""}},"footnotes":""},"class_list":["post-1679","page","type-page","status-publish","hentry"],"aioseo_notices":[],"jetpack_sharing_enabled":true,"_links":{"self":[{"href":"https:\/\/brosemiami.com\/en\/wp-json\/wp\/v2\/pages\/1679","targetHints":{"allow":["GET"]}}],"collection":[{"href":"https:\/\/brosemiami.com\/en\/wp-json\/wp\/v2\/pages"}],"about":[{"href":"https:\/\/brosemiami.com\/en\/wp-json\/wp\/v2\/types\/page"}],"author":[{"embeddable":true,"href":"https:\/\/brosemiami.com\/en\/wp-json\/wp\/v2\/users\/1"}],"replies":[{"embeddable":true,"href":"https:\/\/brosemiami.com\/en\/wp-json\/wp\/v2\/comments?post=1679"}],"version-history":[{"count":3,"href":"https:\/\/brosemiami.com\/en\/wp-json\/wp\/v2\/pages\/1679\/revisions"}],"predecessor-version":[{"id":2100,"href":"https:\/\/brosemiami.com\/en\/wp-json\/wp\/v2\/pages\/1679\/revisions\/2100"}],"wp:attachment":[{"href":"https:\/\/brosemiami.com\/en\/wp-json\/wp\/v2\/media?parent=1679"}],"curies":[{"name":"wp","href":"https:\/\/api.w.org\/{rel}","templated":true}]}}